{"id":1630,"date":"2019-04-17T13:25:44","date_gmt":"2019-04-17T18:25:44","guid":{"rendered":"http:\/\/intersoft.com.mx\/new\/?page_id=1630"},"modified":"2019-04-17T13:49:04","modified_gmt":"2019-04-17T18:49:04","slug":"aviso-de-privacidad","status":"publish","type":"page","link":"http:\/\/intersoft.com.mx\/new\/aviso-de-privacidad\/","title":{"rendered":"Aviso de Privacidad"},"content":{"rendered":"\t\t<div data-elementor-type=\"post\" data-elementor-id=\"1630\" class=\"elementor elementor-1630\" data-elementor-settings=\"[]\">\n\t\t\t<div class=\"elementor-inner\">\n\t\t\t\t<div class=\"elementor-section-wrap\">\n\t\t\t\t\t\t\t<section class=\"elementor-element elementor-element-d488103 elementor-section-boxed elementor-section-height-default elementor-section-height-default elementor-section elementor-top-section\" data-id=\"d488103\" data-element_type=\"section\">\n\t\t\t\t\t\t<div class=\"elementor-container elementor-column-gap-default\">\n\t\t\t\t<div class=\"elementor-row\">\n\t\t\t\t<div class=\"elementor-element elementor-element-8305388 elementor-column elementor-col-100 elementor-top-column\" data-id=\"8305388\" data-element_type=\"column\">\n\t\t\t<div class=\"elementor-column-wrap  elementor-element-populated\">\n\t\t\t\t\t<div class=\"elementor-widget-wrap\">\n\t\t\t\t<div class=\"elementor-element elementor-element-923307a elementor-widget elementor-widget-text-editor\" data-id=\"923307a\" data-element_type=\"widget\" data-widget_type=\"text-editor.default\">\n\t\t\t\t<div class=\"elementor-widget-container\">\n\t\t\t\t\t<div class=\"elementor-text-editor elementor-clearfix\"><p class=\"texto-chico\"><span class=\"textochico\">Intersoft, S.A. de C.V<\/span>., (en adelante &#8220;<strong><span class=\"textochico\">Intersoft<\/span><\/strong>&#8220;) con domicilio en Calle Gustavo M. Garc\u00eda 206, sin Nombre de col 33, Monterey, Nuevo Le\u00f3n, C.P. 64800, es responsable de la recolecci\u00f3n, resguardo y tratamiento de datos personales -como se define m\u00e1s adelante-. Por lo tanto, se extiende el presente Aviso de Privacidad en virtud de la relaci\u00f3n de negocio que Usted pretende tener con <strong>Intersoft<\/strong>, y de conformidad con lo establecido en la Ley Federal de Protecci\u00f3n de Datos Personales en Posesi\u00f3n de los Particulares (en adelante la &#8220;Ley&#8221;).<\/p><p class=\"texto-chico\"><span class=\"textochico\">TRATAMIENTO DE DATOS PERSONALES.<\/span><br \/><strong>Intersoft<\/strong> le podr\u00e1 solicitar y\/o recabar sus Datos Personales para su uso comercial, divulgaci\u00f3n y\/o almacenamiento por cualquier medio (en adelante el &#8220;Tratamiento&#8221;) para los fines abajo se\u00f1alados.\u00a0<strong>Intersoft<\/strong> y\/o cualquier tercero que llegue a intervenir en cualquier fase del Tratamiento de los Datos Personales guardar\u00e1 confidencialidad respecto de los mismos cuando tengan dicho car\u00e1cter, conforme a las disposiciones estipuladas en las leyes aplicables en M\u00e9xico.<\/p><p><span class=\"textochico\">DATOS PERSONALES A RECABAR Y FINALIDAD.<\/span><br \/><span class=\"texto-chico\">Los Datos Personales que usted proporcione pueden ser entre otros, nombre y apellidos, imagen grabada desde c\u00e1maras de vigilancia, domicilio, n\u00famero de tel\u00e9fono, n\u00famero de tel\u00e9fono m\u00f3vil, n\u00famero de fax, direcciones de correo electr\u00f3nico y\/o grado acad\u00e9mico (en adelante los \u201cDatos Personales\u201d). Asimismo, Usted acuerda que <strong>Intersoft<\/strong> podr\u00e1 recolectar, usar, transmitir, mantener y actualizar sus Datos Personales. Lo anterior, en el entendido que\u00a0<strong>Intersoft<\/strong> siempre lo har\u00e1 con estricto apego a los principios y requisitos contenidos en la Ley. La finalidad de la recolecci\u00f3n es para uso estrictamente comercial.<\/span><\/p><p><span class=\"textochico\">TRANSFERENCIA DE DATOS PERSONALES.<\/span><br \/><strong>Intersoft<\/strong> podr\u00e1 transferir los Datos Personales a sus clientes, proveedores, afiliadas, controladoras, empleados, ejecutivos y directores, los cuales se sujetar\u00e1n en todo momento a lo establecido en el presente Aviso de Privacidad y en la Ley.<\/p><p class=\"texto-chico\"><span class=\"textochico\">MEDIOS PARA LIMITAR EL USO O DIVULGACI\u00d3N DE DATOS PERSONALES.<\/span><br \/><strong>Intersoft<\/strong> mantendr\u00e1 los mecanismos de protecci\u00f3n adecuados para garantizar la seguridad, integridad y privacidad de los Datos Personales. Asimismo, Usted podr\u00e1 solicitar la limitaci\u00f3n del uso o divulgaci\u00f3n, as\u00ed como la cancelaci\u00f3n de sus Datos Personales, dirigiendo su escrito correspondiente al correo derechospersonales@intersoft.com.mx <strong>Intersoft<\/strong> dar\u00e1 respuesta a la solicitud de los usuarios en un plazo no mayor a 30 (treinta) d\u00edas h\u00e1biles contados a partir de la fecha en que reciba la petici\u00f3n correspondiente.<\/p><p class=\"texto-chico\">El ejercicio de los derechos de Acceso, Rectificaci\u00f3n, Cancelaci\u00f3n u Oposici\u00f3n de Datos Personales que realice Usted deber\u00e1 sujetarse a las leyes y reglamentos aplicables vigentes en M\u00e9xico, previa solicitud por escrito a <strong>Intersoft<\/strong>, que contenga lo siguiente:<\/p><p class=\"texto-chico\">El nombre del titular, domicilio y correo electr\u00f3nico para comunicarle la respuesta a su solicitud.<\/p><p class=\"texto-chico\">Los documentos que acrediten la identidad o, en su caso, la representaci\u00f3n legal del titular.<\/p><p class=\"texto-chico\">La descripci\u00f3n clara y precisa de los Datos Personales respecto de los que se busca ejercer alguno de los derechos antes mencionados (en el caso de rectificaci\u00f3n se deber\u00e1 indicar las modificaciones a realizar y aportar la documentaci\u00f3n que sustente su petici\u00f3n).<\/p><p class=\"texto-chico\">Cualquier otro elemento o documento que facilite la localizaci\u00f3n de los datos personales.<\/p><p><span class=\"textochico\">CONSENTIMIENTO.<\/span><br \/><span class=\"texto-chico\">En caso de no tener objeci\u00f3n con el presente Aviso de Privacidad,\u00a0<strong>Intersoft<\/strong> con fundamento en lo contenido en el art\u00edculo 8 de la Ley, tendr\u00e1 por efectuado el consentimiento realizado por Usted.<\/span><\/p><p class=\"texto-chico\"><span class=\"textochico\">DATOS PERSONALES SENSIBLES.<\/span><br \/>De conformidad con la Ley, se conocen como Datos Personales Sensibles aquellos que puedan revelar aspectos como origen racial o \u00e9tnico, estado de salud presente y futuro, informaci\u00f3n gen\u00e9tica, creencias religiosas, filos\u00f3ficas y\/o morales, afiliaci\u00f3n sindical, opiniones pol\u00edticas, preferencia sexual. En caso que\u00a0<strong>Intersoft<\/strong> llegue a requerir sus Datos Personales Sensibles, Usted deber\u00e1 proporcionar su consentimiento expreso.<\/p><p><span class=\"textochico\">EXCLUSI\u00d3N DE RESPONSABILIDAD DEL SITIO.<\/span><br \/><span class=\"texto-chico\">El sitio de internet www.intersoft<\/span><span class=\"texto-chico\">.com.mx podr\u00e1 contener hiperv\u00ednculos o hipertextos (en adelante &#8220;links&#8221;) y\/o herramientas que al ser utilizadas por el usuario lo transporten a otros portales o sitios de internet (en adelante &#8220;sitios&#8221;) que en su caso podr\u00edan contener informaci\u00f3n de terceros. La informaci\u00f3n que usted llegar\u00e9 a proporcionar en aquellos sitios no se encuentra contemplada en el presente Aviso de Privacidad por lo que el tratamiento de los Datos Personales, en este caso, no es responsabilidad de <strong>Intersoft<\/strong>. En atenci\u00f3n a lo anterior le recomendamos revisar los Avisos de Privacidad de los sitios que visite. Dentro del Sitio de internet de <strong>Intersoft<\/strong>, usted podr\u00eda encontrar bolsas de trabajo, p\u00e1ginas y otros servicios que pueden estar compartidos con terceros y que podr\u00edan solicitar Datos Personales. Toda informaci\u00f3n proporcionada en estas circunstancias est\u00e1 condicionada a los respectivos Avisos de Privacidad que contengan cada uno de los sitios, salvo que\u00a0<strong>Intersoft<\/strong> se\u00f1ale lo contrario.\u00a0<strong>Intersoft<\/strong> hace de su conocimiento que dentro de su sitio de internet, intersoft.com.mx, podr\u00edan incluir, de manera enunciativa m\u00e1s no limitativa, foros, p\u00e1ginas personales, avisos, entre otros. Por lo que, los Datos Personales que sean revelados a trav\u00e9s de esas herramientas no ser\u00e1 responsabilidad de <strong>Intersoft<\/strong>. En atenci\u00f3n a lo anterior le recomendamos ser cuidadosos y responsables sobre la utilizaci\u00f3n y divulgaci\u00f3n de informaci\u00f3n de car\u00e1cter personal en dichos medios.<\/span><\/p><\/div>\n\t\t\t\t<\/div>\n\t\t\t\t<\/div>\n\t\t\t\t\t\t<\/div>\n\t\t\t<\/div>\n\t\t<\/div>\n\t\t\t\t\t\t<\/div>\n\t\t\t<\/div>\n\t\t<\/section>\n\t\t\t\t\t\t<\/div>\n\t\t\t<\/div>\n\t\t<\/div>\n\t\t","protected":false},"excerpt":{"rendered":"<p>Aviso de Privacidad<\/p>\n","protected":false},"author":1,"featured_media":1641,"parent":0,"menu_order":0,"comment_status":"closed","ping_status":"closed","template":"template-fullwidth.php","meta":[],"_links":{"self":[{"href":"http:\/\/intersoft.com.mx\/new\/wp-json\/wp\/v2\/pages\/1630"}],"collection":[{"href":"http:\/\/intersoft.com.mx\/new\/wp-json\/wp\/v2\/pages"}],"about":[{"href":"http:\/\/intersoft.com.mx\/new\/wp-json\/wp\/v2\/types\/page"}],"author":[{"embeddable":true,"href":"http:\/\/intersoft.com.mx\/new\/wp-json\/wp\/v2\/users\/1"}],"replies":[{"embeddable":true,"href":"http:\/\/intersoft.com.mx\/new\/wp-json\/wp\/v2\/comments?post=1630"}],"version-history":[{"count":6,"href":"http:\/\/intersoft.com.mx\/new\/wp-json\/wp\/v2\/pages\/1630\/revisions"}],"predecessor-version":[{"id":1642,"href":"http:\/\/intersoft.com.mx\/new\/wp-json\/wp\/v2\/pages\/1630\/revisions\/1642"}],"wp:featuredmedia":[{"embeddable":true,"href":"http:\/\/intersoft.com.mx\/new\/wp-json\/wp\/v2\/media\/1641"}],"wp:attachment":[{"href":"http:\/\/intersoft.com.mx\/new\/wp-json\/wp\/v2\/media?parent=1630"}],"curies":[{"name":"wp","href":"https:\/\/api.w.org\/{rel}","templated":true}]}}