{"id":1406,"date":"2016-02-12T08:13:33","date_gmt":"2016-02-12T08:13:33","guid":{"rendered":"http:\/\/demos.famethemes.com\/onepress\/?page_id=26"},"modified":"2019-04-23T13:46:16","modified_gmt":"2019-04-23T18:46:16","slug":"contacto","status":"publish","type":"page","link":"http:\/\/intersoft.com.mx\/new\/contacto\/","title":{"rendered":"Contacto"},"content":{"rendered":"\t\t<div data-elementor-type=\"post\" data-elementor-id=\"1406\" class=\"elementor elementor-1406\" data-elementor-settings=\"[]\">\n\t\t\t<div class=\"elementor-inner\">\n\t\t\t\t<div class=\"elementor-section-wrap\">\n\t\t\t\t\t\t\t<section class=\"elementor-element elementor-element-4624d61c elementor-section-stretched elementor-section-full_width elementor-section-height-default elementor-section-height-default elementor-section elementor-top-section\" data-id=\"4624d61c\" data-element_type=\"section\" data-settings=\"{&quot;background_background&quot;:&quot;classic&quot;,&quot;stretch_section&quot;:&quot;section-stretched&quot;}\">\n\t\t\t\t\t\t<div class=\"elementor-container elementor-column-gap-default\">\n\t\t\t\t<div class=\"elementor-row\">\n\t\t\t\t<div class=\"elementor-element elementor-element-57b10ee1 elementor-column elementor-col-100 elementor-top-column\" data-id=\"57b10ee1\" data-element_type=\"column\">\n\t\t\t<div class=\"elementor-column-wrap  elementor-element-populated\">\n\t\t\t\t\t<div class=\"elementor-widget-wrap\">\n\t\t\t\t<div class=\"elementor-element elementor-element-5c30baa2 elementor-widget elementor-widget-heading\" data-id=\"5c30baa2\" data-element_type=\"widget\" data-widget_type=\"heading.default\">\n\t\t\t\t<div class=\"elementor-widget-container\">\n\t\t\t<h2 class=\"elementor-heading-title elementor-size-large\">CONTACTO<\/h2>\t\t<\/div>\n\t\t\t\t<\/div>\n\t\t\t\t<div class=\"elementor-element elementor-element-14e85ec9 elementor-widget elementor-widget-text-editor\" data-id=\"14e85ec9\" data-element_type=\"widget\" data-widget_type=\"text-editor.default\">\n\t\t\t\t<div class=\"elementor-widget-container\">\n\t\t\t\t\t<div class=\"elementor-text-editor elementor-clearfix\"><p>En los \u00faltimos meses, Compa\u00f1\u00edas L\u00edderes de todos los ramos confiaron en nuestra Tecnolog\u00eda.<\/p>\n\n<p>Ingresa tus datos y nosotros nos pondremos en contacto contigo.<\/p><\/div>\n\t\t\t\t<\/div>\n\t\t\t\t<\/div>\n\t\t\t\t<section class=\"elementor-element elementor-element-4a24427f elementor-section-boxed elementor-section-height-default elementor-section-height-default elementor-section elementor-inner-section\" data-id=\"4a24427f\" data-element_type=\"section\">\n\t\t\t\t\t\t<div class=\"elementor-container elementor-column-gap-no\">\n\t\t\t\t<div class=\"elementor-row\">\n\t\t\t\t<div class=\"elementor-element elementor-element-6b8289e2 elementor-column elementor-col-50 elementor-inner-column\" data-id=\"6b8289e2\" data-element_type=\"column\">\n\t\t\t<div class=\"elementor-column-wrap  elementor-element-populated\">\n\t\t\t\t\t<div class=\"elementor-widget-wrap\">\n\t\t\t\t<div class=\"elementor-element elementor-element-52188647 elementor-position-left elementor-view-default elementor-vertical-align-top elementor-widget elementor-widget-icon-box\" data-id=\"52188647\" data-element_type=\"widget\" data-widget_type=\"icon-box.default\">\n\t\t\t\t<div class=\"elementor-widget-container\">\n\t\t\t\t\t<div class=\"elementor-icon-box-wrapper\">\n\t\t\t\t\t<div class=\"elementor-icon-box-icon\">\n\t\t\t\t<span class=\"elementor-icon elementor-animation-\" >\n\t\t\t\t<i class=\"fa fa-clock-o\" aria-hidden=\"true\"><\/i>\n\t\t\t\t<\/span>\n\t\t\t<\/div>\n\t\t\t\t\t\t<div class=\"elementor-icon-box-content\">\n\t\t\t\t<h3 class=\"elementor-icon-box-title\">\n\t\t\t\t\t<span >Horarios de Trabajo<\/span>\n\t\t\t\t<\/h3>\n\t\t\t\t<p class=\"elementor-icon-box-description\">Lunes - Viernes: 9:00-18:00 Hrs <br>S\u00e1bados - 9:00-14:00<\/p>\n\t\t\t<\/div>\n\t\t<\/div>\n\t\t\t\t<\/div>\n\t\t\t\t<\/div>\n\t\t\t\t<div class=\"elementor-element elementor-element-2d46a76f elementor-position-left elementor-view-default elementor-vertical-align-top elementor-widget elementor-widget-icon-box\" data-id=\"2d46a76f\" data-element_type=\"widget\" data-widget_type=\"icon-box.default\">\n\t\t\t\t<div class=\"elementor-widget-container\">\n\t\t\t\t\t<div class=\"elementor-icon-box-wrapper\">\n\t\t\t\t\t<div class=\"elementor-icon-box-icon\">\n\t\t\t\t<span class=\"elementor-icon elementor-animation-\" >\n\t\t\t\t<i class=\"fa fa-map-marker\" aria-hidden=\"true\"><\/i>\n\t\t\t\t<\/span>\n\t\t\t<\/div>\n\t\t\t\t\t\t<div class=\"elementor-icon-box-content\">\n\t\t\t\t<h3 class=\"elementor-icon-box-title\">\n\t\t\t\t\t<span >Estamos aqu\u00ed<\/span>\n\t\t\t\t<\/h3>\n\t\t\t\t<p class=\"elementor-icon-box-description\">Calle Gustavo M. Garc\u00eda 206. L-5<br>Col. Buenos Aires<br>CP. 64800<br>Monterrey, N.L. <br>\n(81) 8358 9112<br>\n(81) 8359 9336<\/p>\n\t\t\t<\/div>\n\t\t<\/div>\n\t\t\t\t<\/div>\n\t\t\t\t<\/div>\n\t\t\t\t\t\t<\/div>\n\t\t\t<\/div>\n\t\t<\/div>\n\t\t\t\t<div class=\"elementor-element elementor-element-6914fbd0 elementor-column elementor-col-50 elementor-inner-column\" data-id=\"6914fbd0\" data-element_type=\"column\">\n\t\t\t<div class=\"elementor-column-wrap  elementor-element-populated\">\n\t\t\t\t\t<div class=\"elementor-widget-wrap\">\n\t\t\t\t<div class=\"elementor-element elementor-element-1c4b721a elementor-widget elementor-widget-google_maps\" data-id=\"1c4b721a\" data-element_type=\"widget\" data-widget_type=\"google_maps.default\">\n\t\t\t\t<div class=\"elementor-widget-container\">\n\t\t\t<div class=\"elementor-custom-embed\"><iframe frameborder=\"0\" scrolling=\"no\" marginheight=\"0\" marginwidth=\"0\" src=\"https:\/\/maps.google.com\/maps?q=Calle%20Gustavo%20M.%20Garc%C3%ADa%20206.%20Monterrey%2CNL&amp;t=m&amp;z=10&amp;output=embed&amp;iwloc=near\" aria-label=\"Calle Gustavo M. Garc\u00eda 206. Monterrey,NL\"><\/iframe><\/div>\t\t<\/div>\n\t\t\t\t<\/div>\n\t\t\t\t\t\t<\/div>\n\t\t\t<\/div>\n\t\t<\/div>\n\t\t\t\t\t\t<\/div>\n\t\t\t<\/div>\n\t\t<\/section>\n\t\t\t\t<div class=\"elementor-element elementor-element-6459e10 elementor-widget elementor-widget-shortcode\" data-id=\"6459e10\" data-element_type=\"widget\" data-widget_type=\"shortcode.default\">\n\t\t\t\t<div class=\"elementor-widget-container\">\n\t\t\t\t\t<div class=\"elementor-shortcode\"><div class=\"leadform-show-form-1 leadform-show-form  lf-form-default leadform-lite\"><div class=\"lead-head\"><\/div>\r\n               <form action=\"\" method=\"post\" class=\"lead-form-front\" id=\"form_1\" enctype=\"multipart\/form-data\">\r\n                <h2 class=\"lfb-heading\">Cont\u00e1ctanos<\/h2><div class=\"name-type lf-field\"><label>Nombre<\/label>\r\n        <span><input id=\"name_1\" type=\"text\" name=\"name_1\" class=\"lf-form-name\" value=\"\" required placeholder=\"\" \/>\r\n        <\/span><\/div><div class=\"text-type lf-field\"><label>Email<\/label>\r\n        <span><input id=\"email_2\" type=\"email\" class=\"lf-form-text \" name=\"email_2\" required value=\"\" placeholder=\"\" \/>\r\n        <\/span><\/div><div class=\"text-type lf-field\"><label>N\u00famero de Contacto<\/label>\r\n        <span><input id=\"number_3\" type=\"number\" class=\"lf-form-text \" name=\"number_3\" required value=\"\" placeholder=\"\" \/>\r\n        <\/span><\/div><div class=\"textarea-type lf-field\"><label>Mensaje<\/label>\r\n            <span><textarea id=\"message_4\" name=\"message_4\" class=\"lf-form-textarea\" value=\"\" placeholder=\"\" required><\/textarea>\r\n            <\/span><\/div><div class=\"lf-form-panel\"><div class=\"submit-type lf-field\"><label><input id=\"0\" class=\"lf-form-submit\" type=\"submit\" name=\"submit\" value=\"Enviar\"\/>\r\n                <\/label><\/div><\/div>\r\n                <div class=\"captcha-field-area\" id=\"captcha-field-area\"><\/div>\r\n                <input type=\"hidden\" class=\"hidden_field\" name=\"hidden_field\" value=\"1\"\/>\r\n                <input type=\"hidden\" class=\"this_form_captcha_status\" value=\"disable\"\/>\r\n                <div class=\"leadform-show-loading front-loading leadform-show-message-form-1\" >\r\n                <\/div>\r\n                <div class=\"lf-loading\">\r\n                    <div class=\"spinner\" id=\"loading_image\" style=\"display: none;\">\r\n                        <div class=\"bounce1\"><\/div>\r\n                        <div class=\"bounce2\"><\/div>\r\n                        <div class=\"bounce3\"><\/div>\r\n                    <\/div>\r\n                <\/div>\r\n                <\/form><p style=\"display:none\" redirect=\"\" class=\"successmsg_1 successmsg\">Thank You ...<\/p><\/div><\/div>\n\t\t\t\t<\/div>\n\t\t\t\t<\/div>\n\t\t\t\t\t\t<\/div>\n\t\t\t<\/div>\n\t\t<\/div>\n\t\t\t\t\t\t<\/div>\n\t\t\t<\/div>\n\t\t<\/section>\n\t\t\t\t\t\t<\/div>\n\t\t\t<\/div>\n\t\t<\/div>\n\t\t","protected":false},"excerpt":{"rendered":"<p>Mantente en Contacto<\/p>\n","protected":false},"author":1,"featured_media":36,"parent":0,"menu_order":0,"comment_status":"closed","ping_status":"closed","template":"template-fullwidth.php","meta":[],"_links":{"self":[{"href":"http:\/\/intersoft.com.mx\/new\/wp-json\/wp\/v2\/pages\/1406"}],"collection":[{"href":"http:\/\/intersoft.com.mx\/new\/wp-json\/wp\/v2\/pages"}],"about":[{"href":"http:\/\/intersoft.com.mx\/new\/wp-json\/wp\/v2\/types\/page"}],"author":[{"embeddable":true,"href":"http:\/\/intersoft.com.mx\/new\/wp-json\/wp\/v2\/users\/1"}],"replies":[{"embeddable":true,"href":"http:\/\/intersoft.com.mx\/new\/wp-json\/wp\/v2\/comments?post=1406"}],"version-history":[{"count":16,"href":"http:\/\/intersoft.com.mx\/new\/wp-json\/wp\/v2\/pages\/1406\/revisions"}],"predecessor-version":[{"id":1696,"href":"http:\/\/intersoft.com.mx\/new\/wp-json\/wp\/v2\/pages\/1406\/revisions\/1696"}],"wp:featuredmedia":[{"embeddable":true,"href":"http:\/\/intersoft.com.mx\/new\/wp-json\/wp\/v2\/media\/36"}],"wp:attachment":[{"href":"http:\/\/intersoft.com.mx\/new\/wp-json\/wp\/v2\/media?parent=1406"}],"curies":[{"name":"wp","href":"https:\/\/api.w.org\/{rel}","templated":true}]}}